{"id":20,"date":"2026-04-22T13:25:34","date_gmt":"2026-04-22T13:25:34","guid":{"rendered":"https:\/\/ukhealthbox.com\/calculate-your-order\/"},"modified":"2026-04-22T13:50:23","modified_gmt":"2026-04-22T13:50:23","slug":"calculate-your-order","status":"publish","type":"page","link":"https:\/\/ukhealthbox.com\/fr\/calculate-your-order\/","title":{"rendered":"Calculate Your order"},"content":{"rendered":"\t\t<div data-elementor-type=\"wp-page\" data-elementor-id=\"20\" class=\"elementor elementor-20 elementor-14\">\n\t\t\t\t<div class=\"wd-negative-gap elementor-element elementor-element-1e287de e-flex e-con-boxed e-con e-parent\" data-id=\"1e287de\" data-element_type=\"container\" data-e-type=\"container\">\n\t\t\t\t\t<div class=\"e-con-inner\">\n\t\t\t\t<div class=\"elementor-element elementor-element-ed38a80 elementor-widget elementor-widget-wd_text_block\" data-id=\"ed38a80\" data-element_type=\"widget\" data-e-type=\"widget\" data-widget_type=\"wd_text_block.default\">\n\t\t\t\t<div class=\"elementor-widget-container\">\n\t\t\t\t\t\t\t<div class=\"wd-text-block reset-last-child text-left\">\n\t\t\t\n\t\t\t        <div class=\"bs-pc-wrap\">\n            <div class=\"bs-pc-card\">\n                <div class=\"bs-pc-hero\">\n                    <span class=\"bs-pc-badge\">Sites pris en charge : Amazon UK, LOOKFANTASTIC, Boots, River Island.<\/span>\n                    <h2>Demande de tarification des produits<\/h2>\n                    <p class=\"bs-pc-intro\">Pour obtenir le prix de vos produits, veuillez d\u2019abord saisir votre nom et votre e-mail. Une fois vos informations saisies, les champs de tarification seront d\u00e9verrouill\u00e9s.<\/p>\n                    <p class=\"bs-pc-manual-note\">Si l\u2019extraction automatique ne fonctionne pas, vous pouvez saisir les d\u00e9tails manuellement.<\/p>\n                <\/div>\n\n                <div class=\"bs-pc-step bs-pc-step-customer active\">\n                    <div class=\"bs-pc-note-box\">Saisissez d\u2019abord vos informations de base pour d\u00e9verrouiller le formulaire.<\/div>\n                    <div class=\"bs-pc-grid three-front\">\n                        <div>\n                            <label>Nom *<\/label>\n                            <input type=\"text\" id=\"bs-pc-customer-name\" placeholder=\"Votre nom\">\n                        <\/div>\n                        <div>\n                            <label>E-mail *<\/label>\n                            <input type=\"email\" id=\"bs-pc-customer-email\" placeholder=\"Votre adresse e-mail\">\n                        <\/div>\n                        <div>\n                            <label>T\u00e9l\u00e9phone <span class=\"bs-pc-optional\">Optionnel<\/span><\/label>\n                            <input type=\"text\" id=\"bs-pc-customer-phone\" placeholder=\"Votre num\u00e9ro de t\u00e9l\u00e9phone\">\n                        <\/div>\n                    <\/div>\n                    <button type=\"button\" class=\"button button-primary bs-pc-main-btn\" id=\"bs-pc-start-btn\">Continuer<\/button>\n                <\/div>\n\n                <div class=\"bs-pc-step bs-pc-step-products\">\n                    <h3>Produits \u00e0 chiffrer<\/h3>\n                    <div id=\"bs-pc-items\"><\/div>\n                    <div class=\"bs-pc-actions-stack\">\n                        <button type=\"button\" class=\"button\" id=\"bs-pc-add-item\">+ Ajouter un produit<\/button>\n                        <button type=\"button\" class=\"button button-secondary bs-pc-main-btn\" id=\"bs-pc-calc-btn\">Calculer le prix<\/button>\n                    <\/div>\n                    <div id=\"bs-pc-results\"><\/div>\n                <\/div>\n\n                <div class=\"bs-pc-step bs-pc-step-order\">\n                    <h3>Confirmer la commande<\/h3>\n                    <div id=\"bs-pc-order-summary\"><\/div>\n                    <div class=\"bs-pc-grid two\">\n                        <div>\n                            <label>T\u00e9l\u00e9phone de livraison<\/label>\n                            <input type=\"text\" id=\"bs-pc-shipping-phone\" placeholder=\"Num\u00e9ro de t\u00e9l\u00e9phone de livraison\">\n                        <\/div>\n                        <div>\n                            <label>Adresse de livraison<\/label>\n                            <textarea id=\"bs-pc-shipping-address\" rows=\"4\" placeholder=\"Adresse compl\u00e8te de livraison\"><\/textarea>\n                        <\/div>\n                    <\/div>\n                    <p><button type=\"button\" class=\"button button-primary bs-pc-main-btn\" id=\"bs-pc-place-order\">Valider la commande<\/button><\/p>\n                    <div id=\"bs-pc-order-message\"><\/div>\n                <\/div>\n            <\/div>\n        <\/div>\n        \n\t\t\t\t\t<\/div>\n\t\t\t\t\t\t<\/div>\n\t\t\t\t<\/div>\n\t\t\t\t\t<\/div>\n\t\t\t\t<\/div>\n\t\t\t\t<\/div>\n\t\t","protected":false},"excerpt":{"rendered":"<p>Supported websites: Amazon UK, LOOKFANTASTIC, Boots, River Island. Request Product Pricing To get pricing for your products, please enter your<\/p>\n","protected":false},"author":1,"featured_media":0,"parent":0,"menu_order":0,"comment_status":"closed","ping_status":"closed","template":"elementor_header_footer","meta":{"footnotes":""},"class_list":["post-20","page","type-page","status-publish","hentry"],"_links":{"self":[{"href":"https:\/\/ukhealthbox.com\/fr\/wp-json\/wp\/v2\/pages\/20","targetHints":{"allow":["GET"]}}],"collection":[{"href":"https:\/\/ukhealthbox.com\/fr\/wp-json\/wp\/v2\/pages"}],"about":[{"href":"https:\/\/ukhealthbox.com\/fr\/wp-json\/wp\/v2\/types\/page"}],"author":[{"embeddable":true,"href":"https:\/\/ukhealthbox.com\/fr\/wp-json\/wp\/v2\/users\/1"}],"replies":[{"embeddable":true,"href":"https:\/\/ukhealthbox.com\/fr\/wp-json\/wp\/v2\/comments?post=20"}],"version-history":[{"count":1,"href":"https:\/\/ukhealthbox.com\/fr\/wp-json\/wp\/v2\/pages\/20\/revisions"}],"predecessor-version":[{"id":21,"href":"https:\/\/ukhealthbox.com\/fr\/wp-json\/wp\/v2\/pages\/20\/revisions\/21"}],"wp:attachment":[{"href":"https:\/\/ukhealthbox.com\/fr\/wp-json\/wp\/v2\/media?parent=20"}],"curies":[{"name":"wp","href":"https:\/\/api.w.org\/{rel}","templated":true}]}}